{"id":10713,"date":"2019-01-13T16:48:04","date_gmt":"2019-01-13T16:48:04","guid":{"rendered":"https:\/\/sunutechnology.com\/?page_id=10713"},"modified":"2019-02-25T02:10:01","modified_gmt":"2019-02-25T02:10:01","slug":"solutions-services","status":"publish","type":"page","link":"https:\/\/sunutechnology.com\/index.php\/solutions-services\/","title":{"rendered":"Solutions &#038; Services"},"content":{"rendered":"<p>[vc_row][vc_column width=&#8221;1\/3&#8243;]\n<div id=\"interactive-banner-1-wrap-5224\" class=\"ult-banner-block ult-adjust-bottom-margin ult-bb-more ult-banner-block-custom-height banner-style01 \"   style=\"height:221px;\">\n\t<img decoding=\"async\" src=\"https:\/\/sunutechnology.com\/wp-content\/uploads\/2019\/01\/4.png\" alt=\"null\">\n\t<h3  data-ultimate-target='#interactive-banner-1-wrap-5224 .bb-top-title '  data-responsive-json-new='{\"font-size\":\"\",\"line-height\":\"\"}'  class=\"title-center bb-top-title ult-responsive\" style=\"font-weight:bold;background:#1e73be;color:#ffffff;\">Audit &amp; Conseil<\/h3>\n\t<div class=\"mask opaque-background\" style=\"background:rgba(0,0,0,0.61);\">\n\t\t<div  data-ultimate-target='#interactive-banner-1-wrap-5224 .bb-description'  data-responsive-json-new='{\"font-size\":\"\",\"line-height\":\"\"}'  class=\"bb-description ult-responsive\" style=\"font-weight:normal;color:#ffffff;\">Mieux choisir la solution r\u00e9pondant aux besoins sp\u00e9cifiques de votre entreprise gr\u00e2ce aux Audits de Sunutechnology...<\/div>\n\t\t<a class=\"bb-link\" href=\"https:\/\/sunutechnology.com\/index.php\/solutions-services\/audit-conseils\/\"  style=\"background:#dd3333;color:#ffffff;\">En savoir plus<\/a>\n\t<\/div>\n<\/div>[\/vc_column][vc_column width=&#8221;1\/3&#8243;]\n<div id=\"interactive-banner-1-wrap-7291\" class=\"ult-banner-block ult-adjust-bottom-margin ult-bb-more ult-banner-block-custom-height banner-style01 \"   style=\"height:221px;\">\n\t<img decoding=\"async\" src=\"https:\/\/sunutechnology.com\/wp-content\/uploads\/2019\/01\/7.png\" alt=\"null\">\n\t<h3  data-ultimate-target='#interactive-banner-1-wrap-7291 .bb-top-title '  data-responsive-json-new='{\"font-size\":\"\",\"line-height\":\"\"}'  class=\"title-center bb-top-title ult-responsive\" style=\"font-weight:bold;background:#1e73be;color:#ffffff;\">Cloud computing<\/h3>\n\t<div class=\"mask opaque-background\" style=\"background:rgba(0,0,0,0.61);\">\n\t\t<div  data-ultimate-target='#interactive-banner-1-wrap-7291 .bb-description'  data-responsive-json-new='{\"font-size\":\"\",\"line-height\":\"\"}'  class=\"bb-description ult-responsive\" style=\"font-weight:normal;color:#ffffff;\">\u00c9volution technologique majeure de cette d\u00e9cennie, le Cloud Computing transforme les modes de consommation de l\u2019informatique en entreprise...<\/div>\n\t\t<a class=\"bb-link\" href=\"https:\/\/sunutechnology.com\/index.php\/solutions-services\/cloud-computing\/\"  style=\"background:#dd3333;color:#ffffff;\">En savoir plus<\/a>\n\t<\/div>\n<\/div>[\/vc_column][vc_column width=&#8221;1\/3&#8243;]\n<div id=\"interactive-banner-1-wrap-7446\" class=\"ult-banner-block ult-adjust-bottom-margin ult-bb-more ult-banner-block-custom-height banner-style01 \"   style=\"height:221px;\">\n\t<img decoding=\"async\" src=\"https:\/\/sunutechnology.com\/wp-content\/uploads\/2019\/01\/5.png\" alt=\"null\">\n\t<h3  data-ultimate-target='#interactive-banner-1-wrap-7446 .bb-top-title '  data-responsive-json-new='{\"font-size\":\"\",\"line-height\":\"\"}'  class=\"title-center bb-top-title ult-responsive\" style=\"font-weight:bold;background:#1e73be;color:#ffffff;\">Cyber S\u00e9curit\u00e9<\/h3>\n\t<div class=\"mask opaque-background\" style=\"background:rgba(0,0,0,0.61);\">\n\t\t<div  data-ultimate-target='#interactive-banner-1-wrap-7446 .bb-description'  data-responsive-json-new='{\"font-size\":\"\",\"line-height\":\"\"}'  class=\"bb-description ult-responsive\" style=\"font-weight:normal;color:#ffffff;\">Chaque ann\u00e9e, les attaques informatiques se multiplient et se complexifient. Qu\u2019il s\u2019agisse des ransomwares ou des logiciels espions qui ciblent fr\u00e9quemment les PME... <\/div>\n\t\t<a class=\"bb-link\" href=\"https:\/\/sunutechnology.com\/index.php\/solutions-services\/cyber-securite\/\"  style=\"background:#dd3333;color:#ffffff;\">En savoir plus<\/a>\n\t<\/div>\n<\/div>[\/vc_column][\/vc_row][vc_row][vc_column width=&#8221;1\/3&#8243;]\n<div id=\"interactive-banner-1-wrap-3778\" class=\"ult-banner-block ult-adjust-bottom-margin ult-bb-more ult-banner-block-custom-height banner-style01 \"   style=\"height:221px;\">\n\t<img decoding=\"async\" src=\"https:\/\/sunutechnology.com\/wp-content\/uploads\/2019\/01\/2.png\" alt=\"null\">\n\t<h3  data-ultimate-target='#interactive-banner-1-wrap-3778 .bb-top-title '  data-responsive-json-new='{\"font-size\":\"\",\"line-height\":\"\"}'  class=\"title-center bb-top-title ult-responsive\" style=\"font-weight:bold;background:#1e73be;color:#ffffff;\">Data center<\/h3>\n\t<div class=\"mask opaque-background\" style=\"background:rgba(0,0,0,0.61);\">\n\t\t<div  data-ultimate-target='#interactive-banner-1-wrap-3778 .bb-description'  data-responsive-json-new='{\"font-size\":\"\",\"line-height\":\"\"}'  class=\"bb-description ult-responsive\" style=\"font-weight:normal;color:#ffffff;\">Dans un monde n\u00e9cessitant une r\u00e9activit\u00e9 de tous les instants, le syst\u00e8me d\u2019information de l\u2019entreprise doit pouvoir \u00e9voluer efficacement et rapidement...<\/div>\n\t\t<a class=\"bb-link\" href=\"https:\/\/sunutechnology.com\/index.php\/solutions-services\/data-center\/\"  style=\"background:#dd3333;color:#ffffff;\">En savoir plus<\/a>\n\t<\/div>\n<\/div>[\/vc_column][vc_column width=&#8221;1\/3&#8243;]\n<div id=\"interactive-banner-1-wrap-2565\" class=\"ult-banner-block ult-adjust-bottom-margin ult-bb-more ult-banner-block-custom-height banner-style01 \"   style=\"height:221px;\">\n\t<img decoding=\"async\" src=\"https:\/\/sunutechnology.com\/wp-content\/uploads\/2019\/01\/8.png\" alt=\"null\">\n\t<h3  data-ultimate-target='#interactive-banner-1-wrap-2565 .bb-top-title '  data-responsive-json-new='{\"font-size\":\"\",\"line-height\":\"\"}'  class=\"title-center bb-top-title ult-responsive\" style=\"font-weight:bold;background:#1e73be;color:#ffffff;\">D\u00e9veloppement web et mobile<\/h3>\n\t<div class=\"mask opaque-background\" style=\"background:rgba(0,0,0,0.61);\">\n\t\t<div  data-ultimate-target='#interactive-banner-1-wrap-2565 .bb-description'  data-responsive-json-new='{\"font-size\":\"\",\"line-height\":\"\"}'  class=\"bb-description ult-responsive\" style=\"font-weight:normal;color:#ffffff;\">SUNUTECHNOLOGY \u00e9volue en tant que soci\u00e9t\u00e9 informatique et s\u2019est peu \u00e0 peu sp\u00e9cialis\u00e9e et d\u00e9finie comme prestataire en d\u00e9veloppement logiciel...<\/div>\n\t\t<a class=\"bb-link\" href=\"https:\/\/sunutechnology.com\/index.php\/solutions-services\/developpement-web-et-mobile\/\"  style=\"background:#dd3333;color:#ffffff;\">En savoir plus<\/a>\n\t<\/div>\n<\/div>[\/vc_column][vc_column width=&#8221;1\/3&#8243;]\n<div id=\"interactive-banner-1-wrap-4230\" class=\"ult-banner-block ult-adjust-bottom-margin ult-bb-more ult-banner-block-custom-height banner-style01 \"   style=\"height:221px;\">\n\t<img decoding=\"async\" src=\"https:\/\/sunutechnology.com\/wp-content\/uploads\/2019\/01\/9.png\" alt=\"null\">\n\t<h3  data-ultimate-target='#interactive-banner-1-wrap-4230 .bb-top-title '  data-responsive-json-new='{\"font-size\":\"\",\"line-height\":\"\"}'  class=\"title-center bb-top-title ult-responsive\" style=\"font-weight:bold;background:#1e73be;color:#ffffff;\">S\u00e9curit\u00e9 des r\u00e9seaux<\/h3>\n\t<div class=\"mask opaque-background\" style=\"background:rgba(0,0,0,0.61);\">\n\t\t<div  data-ultimate-target='#interactive-banner-1-wrap-4230 .bb-description'  data-responsive-json-new='{\"font-size\":\"\",\"line-height\":\"\"}'  class=\"bb-description ult-responsive\" style=\"font-weight:normal;color:#ffffff;\">Afin d\u2019\u00e9valuer l\u2019exposition de votre syst\u00e8me d\u2019information face aux attaques internes et externes, nous auditons les vuln\u00e9rabilit\u00e9s de votre syst\u00e8me d\u2019information...<\/div>\n\t\t<a class=\"bb-link\" href=\"https:\/\/sunutechnology.com\/index.php\/solutions-services\/securite-des-reseaux\/\"  style=\"background:#dd3333;color:#ffffff;\">En savoir plus<\/a>\n\t<\/div>\n<\/div>[\/vc_column][\/vc_row][vc_row][vc_column width=&#8221;1\/3&#8243;]\n<div id=\"interactive-banner-1-wrap-8002\" class=\"ult-banner-block ult-adjust-bottom-margin ult-bb-more ult-banner-block-custom-height banner-style01 \"   style=\"height:221px;\">\n\t<img decoding=\"async\" src=\"https:\/\/sunutechnology.com\/wp-content\/uploads\/2019\/01\/3.png\" alt=\"null\">\n\t<h3  data-ultimate-target='#interactive-banner-1-wrap-8002 .bb-top-title '  data-responsive-json-new='{\"font-size\":\"\",\"line-height\":\"\"}'  class=\"title-center bb-top-title ult-responsive\" style=\"font-weight:bold;background:#1e73be;color:#ffffff;\">Vid\u00e9o surveillance<\/h3>\n\t<div class=\"mask opaque-background\" style=\"background:rgba(0,0,0,0.61);\">\n\t\t<div  data-ultimate-target='#interactive-banner-1-wrap-8002 .bb-description'  data-responsive-json-new='{\"font-size\":\"\",\"line-height\":\"\"}'  class=\"bb-description ult-responsive\" style=\"font-weight:normal;color:#ffffff;\">SUNUTECHNOLOGY installe, g\u00e8re et maintient vos syst\u00e8mes de vid\u00e9osurveillance tout en assurant leurs \u00e9volutions...<\/div>\n\t\t<a class=\"bb-link\" href=\"https:\/\/sunutechnology.com\/index.php\/solutions-services\/videosurveillance\/\"  style=\"background:#dd3333;color:#ffffff;\">En savoir plus<\/a>\n\t<\/div>\n<\/div>[\/vc_column][vc_column width=&#8221;1\/3&#8243;]\n<div id=\"interactive-banner-1-wrap-8424\" class=\"ult-banner-block ult-adjust-bottom-margin ult-bb-more ult-banner-block-custom-height banner-style01 \"   style=\"height:221px;\">\n\t<img decoding=\"async\" src=\"https:\/\/sunutechnology.com\/wp-content\/uploads\/2019\/01\/vvoi-1.png\" alt=\"null\">\n\t<h3  data-ultimate-target='#interactive-banner-1-wrap-8424 .bb-top-title '  data-responsive-json-new='{\"font-size\":\"\",\"line-height\":\"\"}'  class=\"title-center bb-top-title ult-responsive\" style=\"font-weight:bold;background:#1e73be;color:#ffffff;\">VOIP (communication unifi\u00e9e)<\/h3>\n\t<div class=\"mask opaque-background\" style=\"background:rgba(0,0,0,0.61);\">\n\t\t<div  data-ultimate-target='#interactive-banner-1-wrap-8424 .bb-description'  data-responsive-json-new='{\"font-size\":\"\",\"line-height\":\"\"}'  class=\"bb-description ult-responsive\" style=\"font-weight:normal;color:#ffffff;\">Les Communications Unifi\u00e9es permettent d\u2019optimiser les ressources de l\u2019entreprise. L\u2019utilisation d\u2019une solution de communication converg\u00e9e ...<\/div>\n\t\t<a class=\"bb-link\" href=\"https:\/\/sunutechnology.com\/index.php\/solutions-services\/voip\/\"  style=\"background:#dd3333;color:#ffffff;\">En savoir plus<\/a>\n\t<\/div>\n<\/div>[\/vc_column][vc_column width=&#8221;1\/3&#8243;]\n<div id=\"interactive-banner-1-wrap-9306\" class=\"ult-banner-block ult-adjust-bottom-margin ult-bb-more ult-banner-block-custom-height banner-style01 \"   style=\"height:221px;\">\n\t<img decoding=\"async\" src=\"https:\/\/sunutechnology.com\/wp-content\/uploads\/2019\/01\/6.png\" alt=\"null\">\n\t<h3  data-ultimate-target='#interactive-banner-1-wrap-9306 .bb-top-title '  data-responsive-json-new='{\"font-size\":\"\",\"line-height\":\"\"}'  class=\"title-center bb-top-title ult-responsive\" style=\"font-weight:bold;background:#1e73be;color:#ffffff;\">Wifi as service<\/h3>\n\t<div class=\"mask opaque-background\" style=\"background:rgba(0,0,0,0.61);\">\n\t\t<div  data-ultimate-target='#interactive-banner-1-wrap-9306 .bb-description'  data-responsive-json-new='{\"font-size\":\"\",\"line-height\":\"\"}'  class=\"bb-description ult-responsive\" style=\"font-weight:normal;color:#ffffff;\">\u00c9vitez la congestion 3G\/LTE avec un d\u00e9chargement WiFi d\u2019op\u00e9rateur \u00e9volutif<br \/>\nSUNUTECHNOLOGY propose la meilleure solution Wi-Fi Cloud CPE... <\/div>\n\t\t<a class=\"bb-link\" href=\"https:\/\/sunutechnology.com\/index.php\/solutions-services\/wifi-as-a-service\/\"  style=\"background:#dd3333;color:#ffffff;\">En savoir plus<\/a>\n\t<\/div>\n<\/div>[\/vc_column][\/vc_row]<\/p>\n","protected":false},"excerpt":{"rendered":"<p>[vc_row][vc_column width=&#8221;1\/3&#8243;][\/vc_column][vc_column width=&#8221;1\/3&#8243;][\/vc_column][vc_column width=&#8221;1\/3&#8243;][\/vc_column][\/vc_row][vc_row][vc_column width=&#8221;1\/3&#8243;][\/vc_column][vc_column width=&#8221;1\/3&#8243;][\/vc_column][vc_column width=&#8221;1\/3&#8243;][\/vc_column][\/vc_row][vc_row][vc_column width=&#8221;1\/3&#8243;][\/vc_column][vc_column width=&#8221;1\/3&#8243;][\/vc_column][vc_column width=&#8221;1\/3&#8243;][\/vc_column][\/vc_row]<\/p>\n","protected":false},"author":2,"featured_media":0,"parent":0,"menu_order":0,"comment_status":"closed","ping_status":"closed","template":"","meta":{"footnotes":""},"class_list":["post-10713","page","type-page","status-publish","hentry"],"_links":{"self":[{"href":"https:\/\/sunutechnology.com\/index.php\/wp-json\/wp\/v2\/pages\/10713","targetHints":{"allow":["GET"]}}],"collection":[{"href":"https:\/\/sunutechnology.com\/index.php\/wp-json\/wp\/v2\/pages"}],"about":[{"href":"https:\/\/sunutechnology.com\/index.php\/wp-json\/wp\/v2\/types\/page"}],"author":[{"embeddable":true,"href":"https:\/\/sunutechnology.com\/index.php\/wp-json\/wp\/v2\/users\/2"}],"replies":[{"embeddable":true,"href":"https:\/\/sunutechnology.com\/index.php\/wp-json\/wp\/v2\/comments?post=10713"}],"version-history":[{"count":6,"href":"https:\/\/sunutechnology.com\/index.php\/wp-json\/wp\/v2\/pages\/10713\/revisions"}],"predecessor-version":[{"id":10745,"href":"https:\/\/sunutechnology.com\/index.php\/wp-json\/wp\/v2\/pages\/10713\/revisions\/10745"}],"wp:attachment":[{"href":"https:\/\/sunutechnology.com\/index.php\/wp-json\/wp\/v2\/media?parent=10713"}],"curies":[{"name":"wp","href":"https:\/\/api.w.org\/{rel}","templated":true}]}}