{"id":10718,"date":"2019-01-13T17:01:07","date_gmt":"2019-01-13T17:01:07","guid":{"rendered":"https:\/\/sunutechnology.com\/index.php\/solutions-services\/audit-conseils-copy\/"},"modified":"2019-02-25T02:10:33","modified_gmt":"2019-02-25T02:10:33","slug":"securite-des-reseaux","status":"publish","type":"page","link":"https:\/\/sunutechnology.com\/index.php\/solutions-services\/securite-des-reseaux\/","title":{"rendered":"S\u00e9curit\u00e9 des r\u00e9seaux"},"content":{"rendered":"<p>[vc_row][vc_column width=&#8221;1\/2&#8243;][vc_column_text]Afin d\u2019\u00e9valuer l\u2019exposition de votre syst\u00e8me d\u2019information face aux attaques internes et externes, nous vous proposons d\u2019auditer les vuln\u00e9rabilit\u00e9s pr\u00e9sentes et le niveau de s\u00e9curit\u00e9 global de votre syst\u00e8me d\u2019information.<\/p>\n<p>Mais nous pouvons \u00e9galement aller plus loin en testant la robustesse de votre syst\u00e8me d\u2019information contre une attaque cibl\u00e9e par la d\u00e9couverte, mais aussi l\u2019exploitation des vuln\u00e9rabilit\u00e9s qu\u2019il pr\u00e9sente (pentest), dans le but de r\u00e9pertorier les ressources auxquelles un ou des pirates pourraient avoir acc\u00e8s apr\u00e8s une intrusion.<\/p>\n<p>Sunutechnology est un puissant g\u00e9n\u00e9rateur d\u2019exploits z\u00e9ro day, d\u2019\u00e9valuation de la vuln\u00e9rabilit\u00e9 des syst\u00e8mes et de leurs lacunes en mati\u00e8re de s\u00e9curit\u00e9<\/p>\n<ul>\n<li>Intelligence des cyber menaces<\/li>\n<li>Syst\u00e8me de paiement mobile s\u00e9curis\u00e9<\/li>\n<li>Recherche sur l\u2019exploitation \u00e0 z\u00e9ro day<\/li>\n<li>Base de donn\u00e9es des exploits et des bogues de s\u00e9curit\u00e9<\/li>\n<li>Analyse de l\u2019\u00e9valuation des risques de la base de donn\u00e9es<\/li>\n<\/ul>\n<p>[\/vc_column_text][\/vc_column][vc_column width=&#8221;1\/2&#8243;][vc_single_image image=&#8221;10855&#8243; img_size=&#8221;full&#8221;][\/vc_column][\/vc_row][vc_row][vc_column width=&#8221;1\/2&#8243;][vc_single_image image=&#8221;10856&#8243; img_size=&#8221;full&#8221;][\/vc_column][vc_column width=&#8221;1\/2&#8243;][vc_column_text]A travers des solutions technologiques innovantes et des experts conseil hautement qualifi\u00e9s, nous vous aidons \u00e0 atteindre vos objectifs strat\u00e9giques tout en g\u00e9rant les risques<\/p>\n<p>Afin de vous assister dans cette mise en place de r\u00e9duction des risques sur votre r\u00e9seau, les \u00e9quipes d\u2019int\u00e9gration\u00a0de\u00a0 Sunutechnology vous proposent des solutions de s\u00e9curisation packag\u00e9es :<\/p>\n<ul>\n<li>Firewall-UTM<\/li>\n<li>Solutions Wi-fi s\u00e9curis\u00e9es<\/li>\n<li>Portails captifs et solution de gestion des identifications et tra\u00e7abilit\u00e9 pour acc\u00e8s internet visiteurs<\/li>\n<li>VPN \u2013 VPN SSL<\/li>\n<li>Proxys<\/li>\n<li>Authentification (Radius, Token,..)<\/li>\n<li>Solutions PKI et Certificats<\/li>\n<\/ul>\n<p>[\/vc_column_text][\/vc_column][\/vc_row][vc_row full_width=&#8221;stretch_row_content&#8221; color_style=&#8221;light&#8221; css=&#8221;.vc_custom_1547398381254{background-color: #1e73be !important;}&#8221;][vc_column][vc_column_text]<\/p>\n<h1 style=\"text-align: center;\">Contactez-nous aujourd&#8217;hui pour b\u00e9n\u00e9ficier de nos services!<\/h1>\n<p>[\/vc_column_text][vc_btn title=&#8221;Contactez-nous&#8221; color=&#8221;danger&#8221; size=&#8221;lg&#8221; align=&#8221;center&#8221; link=&#8221;url:https%3A%2F%2Fsunutechnology.com%2Findex.php%2Fcontacts%2F|||&#8221;][\/vc_column][\/vc_row]<\/p>\n","protected":false},"excerpt":{"rendered":"<p>[vc_row][vc_column width=&#8221;1\/2&#8243;][vc_column_text]Afin d\u2019\u00e9valuer l\u2019exposition de votre syst\u00e8me d\u2019information face aux attaques internes et externes, nous vous proposons d\u2019auditer les vuln\u00e9rabilit\u00e9s pr\u00e9sentes et le niveau de s\u00e9curit\u00e9 global de votre syst\u00e8me d\u2019information. Mais nous pouvons \u00e9galement aller plus loin en testant&#8230;<\/p>\n","protected":false},"author":2,"featured_media":0,"parent":10713,"menu_order":0,"comment_status":"closed","ping_status":"closed","template":"","meta":{"footnotes":""},"class_list":["post-10718","page","type-page","status-publish","hentry"],"_links":{"self":[{"href":"https:\/\/sunutechnology.com\/index.php\/wp-json\/wp\/v2\/pages\/10718","targetHints":{"allow":["GET"]}}],"collection":[{"href":"https:\/\/sunutechnology.com\/index.php\/wp-json\/wp\/v2\/pages"}],"about":[{"href":"https:\/\/sunutechnology.com\/index.php\/wp-json\/wp\/v2\/types\/page"}],"author":[{"embeddable":true,"href":"https:\/\/sunutechnology.com\/index.php\/wp-json\/wp\/v2\/users\/2"}],"replies":[{"embeddable":true,"href":"https:\/\/sunutechnology.com\/index.php\/wp-json\/wp\/v2\/comments?post=10718"}],"version-history":[{"count":5,"href":"https:\/\/sunutechnology.com\/index.php\/wp-json\/wp\/v2\/pages\/10718\/revisions"}],"predecessor-version":[{"id":10865,"href":"https:\/\/sunutechnology.com\/index.php\/wp-json\/wp\/v2\/pages\/10718\/revisions\/10865"}],"up":[{"embeddable":true,"href":"https:\/\/sunutechnology.com\/index.php\/wp-json\/wp\/v2\/pages\/10713"}],"wp:attachment":[{"href":"https:\/\/sunutechnology.com\/index.php\/wp-json\/wp\/v2\/media?parent=10718"}],"curies":[{"name":"wp","href":"https:\/\/api.w.org\/{rel}","templated":true}]}}