{"id":10736,"date":"2019-01-13T17:14:30","date_gmt":"2019-01-13T17:14:30","guid":{"rendered":"https:\/\/sunutechnology.com\/index.php\/solutions-services\/wifi-as-a-service-copy\/"},"modified":"2019-02-25T02:46:18","modified_gmt":"2019-02-25T02:46:18","slug":"developpement-web-et-mobile","status":"publish","type":"page","link":"https:\/\/sunutechnology.com\/index.php\/solutions-services\/developpement-web-et-mobile\/","title":{"rendered":"D\u00e9veloppement web et mobile"},"content":{"rendered":"<p>[vc_row][vc_column width=&#8221;1\/2&#8243;][vc_column_text]<\/p>\n<div class=\"fusion-fullwidth fullwidth-box hundred-percent-fullwidth fusion-equal-height-columns\">\n<div class=\"fusion-builder-row fusion-row \">\n<div class=\"fusion-layout-column fusion_builder_column fusion_builder_column_1_2 fusion-one-half fusion-column-first 1_2\">\n<div class=\"fusion-column-wrapper\" data-bg-url=\"\">\n<div class=\"fusion-column-content-centered\">\n<div class=\"fusion-column-content\">\n<p>Depuis plus de 10 ans,\u00a0<strong>SUNUTECHNOLOGY\u00a0<\/strong>\u00e9volue en tant que\u00a0<strong>soci\u00e9t\u00e9 informatique<\/strong>\u00a0et s\u2019est peu \u00e0 peu sp\u00e9cialis\u00e9e et d\u00e9finie comme\u00a0<strong>prestataire en d\u00e9veloppement logiciel et web<\/strong>, sachant accompagner nos clients avec expertise et grande complicit\u00e9.<\/p>\n<p>Nous avons\u00a0 3 p\u00f4les d\u2019expertise \u00e0 forte valeur ajout\u00e9e pour le service d\u00e9veloppement:<\/p>\n<ul>\n<li>le\u00a0<strong>d\u00e9veloppement web<\/strong>\u00a0sous toutes ses formes, des sites les plus simples aux plateformes web m\u00e9tier les plus \u00e9labor\u00e9es.<\/li>\n<li>le\u00a0<strong>d\u00e9veloppement de logiciel m\u00e9tier sur-mesure<\/strong>\u00a0quels que soient le domaine d\u2019activit\u00e9 et les difficult\u00e9s du terrain.<\/li>\n<li>la liaison\u00a0<strong>Web &amp; logiciel<\/strong>\u00a0qui nous permet de combiner et interfacer tout type d\u2019<strong>application web<\/strong>\u00a0avec des\u00a0<strong>logiciels m\u00e9tier<\/strong>\u00a0existants ou en cr\u00e9ation<\/li>\n<\/ul>\n<\/div>\n<\/div>\n<div class=\"fusion-clearfix\"><\/div>\n<\/div>\n<\/div>\n<div class=\"fusion-layout-column fusion_builder_column fusion_builder_column_1_2 fusion-one-half fusion-column-last fusion-no-small-visibility 1_2\">\n<div class=\"fusion-column-wrapper\" data-bg-url=\"https:\/\/www.sunutechnology.net\/wp-content\/uploads\/2017\/10\/developpement-1-1024x550.jpg\">\n<div class=\"fusion-column-content-centered\">\n<div class=\"fusion-column-content\"><\/div>\n<\/div>\n<div class=\"fusion-clearfix\"><\/div>\n<\/div>\n<\/div>\n<\/div>\n<\/div>\n<div class=\"fusion-fullwidth fullwidth-box hundred-percent-fullwidth fusion-equal-height-columns\">\n<div class=\"fusion-builder-row fusion-row \">\n<div class=\"fusion-layout-column fusion_builder_column fusion_builder_column_1_2 fusion-one-half fusion-column-first fusion-no-small-visibility 1_2\">\n<div class=\"fusion-column-wrapper\" data-bg-url=\"https:\/\/www.sunutechnology.net\/wp-content\/uploads\/2017\/10\/Developpement.png\"><\/div>\n<\/div>\n<\/div>\n<\/div>\n<p>[\/vc_column_text][\/vc_column][vc_column width=&#8221;1\/2&#8243;][vc_single_image image=&#8221;10863&#8243; img_size=&#8221;full&#8221;][\/vc_column][\/vc_row][vc_row][vc_column width=&#8221;1\/2&#8243;][vc_single_image image=&#8221;10862&#8243; img_size=&#8221;full&#8221;][\/vc_column][vc_column width=&#8221;1\/2&#8243;][vc_column_text]<strong>UI\/UX, ANALYSE, TEST, \u2026 UNE VISION UTILISATEUR\u2028\u2028<\/strong><\/p>\n<p>C\u2019est \u00e0 notre \u00e9quipe de s\u2019adapter \u00e0 vos process m\u00e9tier et \u00e0 tous les utilisateurs qui sont avec vous. SUNUTECHNOLOGY travaille sans cesse pour d\u00e9velopper des outils web et logiciel dot\u00e9s d\u2019une grande simplicit\u00e9 d\u2019utilisation et cela constitue un v\u00e9ritable challenge qui nous anime.<\/p>\n<p>Un travail d\u2019\u00e9tude men\u00e9 en amont de nos projets afin de comprendre et analyser les habitudes et les besoins des utilisateurs.<br \/>\nLa conception d\u2019interfaces soign\u00e9es et intuitives sur un outil logiciel ou web pour un r\u00e9sultat d\u2019une grande simplicit\u00e9 d\u2019utilisation (UI\/UX).<br \/>\nL\u2019importance d\u2019effectuer des tests utilisateurs sur les projets afin d\u2019optimiser les comportements face aux logiciels et site web.<\/p>\n<p><strong>FORFAIT, R\u00c9GIE, TMA, \u2026 UNE COLLABORATION SELON VOS BESOIN\u2028S<\/strong><\/p>\n<p>SUNUTECHNOLOGY dispose de la structure requise pour fournir une offre de service compl\u00e8te :<\/p>\n<p>Le travail en R\u00e9gie (Une prestation r\u00e9alis\u00e9e dans vos locaux en immersion avec votre \u00e9quipe)<br \/>\nLes projets au Forfait (Une prestation r\u00e9alis\u00e9e au sein de l\u2019agence SUNU TECHNOLOGY )<br \/>\nLa Tierce Maintenance Applicative : TMA (prestation de maintenance \u00e0 distance pr\u00e9ventive, corrective et \u00e9volutive)[\/vc_column_text][\/vc_column][\/vc_row][vc_row full_width=&#8221;stretch_row_content&#8221; color_style=&#8221;light&#8221; css=&#8221;.vc_custom_1547398381254{background-color: #1e73be !important;}&#8221;][vc_column][vc_column_text]<\/p>\n<h1 style=\"text-align: center;\">Contactez-nous aujourd&#8217;hui pour b\u00e9n\u00e9ficier de nos services!<\/h1>\n<p>[\/vc_column_text][vc_btn title=&#8221;Contactez-nous&#8221; color=&#8221;danger&#8221; size=&#8221;lg&#8221; align=&#8221;center&#8221; link=&#8221;url:https%3A%2F%2Fsunutechnology.com%2Findex.php%2Fcontacts%2F|||&#8221;][\/vc_column][\/vc_row]<\/p>\n","protected":false},"excerpt":{"rendered":"<p>[vc_row][vc_column width=&#8221;1\/2&#8243;][vc_column_text] Depuis plus de 10 ans,\u00a0SUNUTECHNOLOGY\u00a0\u00e9volue en tant que\u00a0soci\u00e9t\u00e9 informatique\u00a0et s\u2019est peu \u00e0 peu sp\u00e9cialis\u00e9e et d\u00e9finie comme\u00a0prestataire en d\u00e9veloppement logiciel et web, sachant accompagner nos clients avec expertise et grande complicit\u00e9. Nous avons\u00a0 3 p\u00f4les d\u2019expertise \u00e0 forte&#8230;<\/p>\n","protected":false},"author":2,"featured_media":0,"parent":10713,"menu_order":0,"comment_status":"closed","ping_status":"closed","template":"","meta":{"footnotes":""},"class_list":["post-10736","page","type-page","status-publish","hentry"],"_links":{"self":[{"href":"https:\/\/sunutechnology.com\/index.php\/wp-json\/wp\/v2\/pages\/10736","targetHints":{"allow":["GET"]}}],"collection":[{"href":"https:\/\/sunutechnology.com\/index.php\/wp-json\/wp\/v2\/pages"}],"about":[{"href":"https:\/\/sunutechnology.com\/index.php\/wp-json\/wp\/v2\/types\/page"}],"author":[{"embeddable":true,"href":"https:\/\/sunutechnology.com\/index.php\/wp-json\/wp\/v2\/users\/2"}],"replies":[{"embeddable":true,"href":"https:\/\/sunutechnology.com\/index.php\/wp-json\/wp\/v2\/comments?post=10736"}],"version-history":[{"count":5,"href":"https:\/\/sunutechnology.com\/index.php\/wp-json\/wp\/v2\/pages\/10736\/revisions"}],"predecessor-version":[{"id":10864,"href":"https:\/\/sunutechnology.com\/index.php\/wp-json\/wp\/v2\/pages\/10736\/revisions\/10864"}],"up":[{"embeddable":true,"href":"https:\/\/sunutechnology.com\/index.php\/wp-json\/wp\/v2\/pages\/10713"}],"wp:attachment":[{"href":"https:\/\/sunutechnology.com\/index.php\/wp-json\/wp\/v2\/media?parent=10736"}],"curies":[{"name":"wp","href":"https:\/\/api.w.org\/{rel}","templated":true}]}}